{"id":83,"date":"2023-03-07T22:58:45","date_gmt":"2023-03-07T22:58:45","guid":{"rendered":"https:\/\/www.femcreative.no\/?page_id=83"},"modified":"2023-03-07T23:02:39","modified_gmt":"2023-03-07T23:02:39","slug":"elementor-83","status":"publish","type":"page","link":"https:\/\/www.femcreative.no\/?page_id=83","title":{"rendered":"Elementor #83"},"content":{"rendered":"\t\t<div data-elementor-type=\"wp-page\" data-elementor-id=\"83\" class=\"elementor elementor-83\">\n\t\t\t\t\t\t<section class=\"elementor-section elementor-top-section elementor-element elementor-element-2412d23 elementor-section-boxed elementor-section-height-default elementor-section-height-default\" data-id=\"2412d23\" data-element_type=\"section\" data-e-type=\"section\">\n\t\t\t\t\t\t<div class=\"elementor-container elementor-column-gap-default\">\n\t\t\t\t\t<div class=\"elementor-column elementor-col-100 elementor-top-column elementor-element elementor-element-31c886e\" data-id=\"31c886e\" data-element_type=\"column\" data-e-type=\"column\">\n\t\t\t<div class=\"elementor-widget-wrap elementor-element-populated\">\n\t\t\t\t\t\t<div class=\"elementor-element elementor-element-cbac280 elementor-widget__width-inherit elementor-widget elementor-widget-image\" data-id=\"cbac280\" data-element_type=\"widget\" data-e-type=\"widget\" data-widget_type=\"image.default\">\n\t\t\t\t<div class=\"elementor-widget-container\">\n\t\t\t\t\t\t\t\t\t\t\t\t\t\t\t<img fetchpriority=\"high\" decoding=\"async\" width=\"1024\" height=\"614\" src=\"https:\/\/www.femcreative.no\/wp-content\/uploads\/2023\/02\/fem-bakgrunn-1024x614.png\" class=\"attachment-large size-large wp-image-27\" alt=\"\" srcset=\"https:\/\/www.femcreative.no\/wp-content\/uploads\/2023\/02\/fem-bakgrunn-1024x614.png 1024w, https:\/\/www.femcreative.no\/wp-content\/uploads\/2023\/02\/fem-bakgrunn-300x180.png 300w, https:\/\/www.femcreative.no\/wp-content\/uploads\/2023\/02\/fem-bakgrunn-768x461.png 768w, https:\/\/www.femcreative.no\/wp-content\/uploads\/2023\/02\/fem-bakgrunn-1536x922.png 1536w, https:\/\/www.femcreative.no\/wp-content\/uploads\/2023\/02\/fem-bakgrunn.png 2000w\" sizes=\"(max-width: 1024px) 100vw, 1024px\" \/>\t\t\t\t\t\t\t\t\t\t\t\t\t\t\t<\/div>\n\t\t\t\t<\/div>\n\t\t\t\t\t<\/div>\n\t\t<\/div>\n\t\t\t\t\t<\/div>\n\t\t<\/section>\n\t\t\t\t<section class=\"elementor-section elementor-top-section elementor-element elementor-element-5b19007 elementor-section-boxed elementor-section-height-default elementor-section-height-default\" data-id=\"5b19007\" data-element_type=\"section\" data-e-type=\"section\">\n\t\t\t\t\t\t<div class=\"elementor-container elementor-column-gap-default\">\n\t\t\t\t\t<div class=\"elementor-column elementor-col-100 elementor-top-column elementor-element elementor-element-22a191b\" data-id=\"22a191b\" data-element_type=\"column\" data-e-type=\"column\">\n\t\t\t<div class=\"elementor-widget-wrap elementor-element-populated\">\n\t\t\t\t\t\t<div class=\"elementor-element elementor-element-42871e3 elementor-widget__width-inherit elementor-widget elementor-widget-heading\" data-id=\"42871e3\" data-element_type=\"widget\" data-e-type=\"widget\" data-widget_type=\"heading.default\">\n\t\t\t\t<div class=\"elementor-widget-container\">\n\t\t\t\t\t<h2 class=\"elementor-heading-title elementor-size-xl\">TJENESTER<\/h2>\t\t\t\t<\/div>\n\t\t\t\t<\/div>\n\t\t\t\t\t<\/div>\n\t\t<\/div>\n\t\t\t\t\t<\/div>\n\t\t<\/section>\n\t\t\t\t<section class=\"elementor-section elementor-top-section elementor-element elementor-element-4609c83 elementor-section-full_width elementor-section-height-default elementor-section-height-default\" data-id=\"4609c83\" data-element_type=\"section\" data-e-type=\"section\">\n\t\t\t\t\t\t<div class=\"elementor-container elementor-column-gap-default\">\n\t\t\t\t\t<div class=\"elementor-column elementor-col-33 elementor-top-column elementor-element elementor-element-d63f8b6\" data-id=\"d63f8b6\" data-element_type=\"column\" data-e-type=\"column\">\n\t\t\t<div class=\"elementor-widget-wrap elementor-element-populated\">\n\t\t\t\t\t\t<div class=\"elementor-element elementor-element-0dcbe7b elementor-widget elementor-widget-text-editor\" data-id=\"0dcbe7b\" data-element_type=\"widget\" data-e-type=\"widget\" data-widget_type=\"text-editor.default\">\n\t\t\t\t<div class=\"elementor-widget-container\">\n\t\t\t\t\t\t\t\t\t<h2 class=\"has-text-align-center has-white-color has-text-color\">Produsering<\/h2><p>   <\/p><p class=\"has-text-align-center has-white-color has-text-color\">\u00d8nsker du \u00e5 spille inn en l\u00e5t, en EP eller et album har du kommet til riktig plass! Vi har lang erfaring med innspilling og produsering av alle mulige sjangere og kan hjelpe deg med helle prosessen fra l\u00e5t-id\u00e8 til utgitt produkt.<\/p>\t\t\t\t\t\t\t\t<\/div>\n\t\t\t\t<\/div>\n\t\t\t\t\t<\/div>\n\t\t<\/div>\n\t\t\t\t<div class=\"elementor-column elementor-col-33 elementor-top-column elementor-element elementor-element-8482367\" data-id=\"8482367\" data-element_type=\"column\" data-e-type=\"column\">\n\t\t\t<div class=\"elementor-widget-wrap elementor-element-populated\">\n\t\t\t\t\t\t<div class=\"elementor-element elementor-element-c3ba71d elementor-widget elementor-widget-text-editor\" data-id=\"c3ba71d\" data-element_type=\"widget\" data-e-type=\"widget\" data-widget_type=\"text-editor.default\">\n\t\t\t\t<div class=\"elementor-widget-container\">\n\t\t\t\t\t\t\t\t\t<h2 class=\"has-text-align-center has-white-color has-text-color\">Mixing<\/h2><p>   <\/p><p class=\"has-text-align-center has-white-color has-text-color\">V\u00e5r hovedprodusent Espen Alsvik er ekstremt kompetent og jobber alltid med \u00e5 forsterke uttrykket du allerede har. Vi \u00f8nsker p\u00e5 ingen m\u00e5te \u00e5 endre eller ta over kreativiteten, men heller bist\u00e5 med det som \u00f8nskes og forsterke uttrykket!<\/p>\t\t\t\t\t\t\t\t<\/div>\n\t\t\t\t<\/div>\n\t\t\t\t\t<\/div>\n\t\t<\/div>\n\t\t\t\t<div class=\"elementor-column elementor-col-33 elementor-top-column elementor-element elementor-element-ca7beb4\" data-id=\"ca7beb4\" data-element_type=\"column\" data-e-type=\"column\">\n\t\t\t<div class=\"elementor-widget-wrap elementor-element-populated\">\n\t\t\t\t\t\t<div class=\"elementor-element elementor-element-44cf24d elementor-widget elementor-widget-text-editor\" data-id=\"44cf24d\" data-element_type=\"widget\" data-e-type=\"widget\" data-widget_type=\"text-editor.default\">\n\t\t\t\t<div class=\"elementor-widget-container\">\n\t\t\t\t\t\t\t\t\t<h2 class=\"has-text-align-center has-white-color has-text-color\">Grafisk Design<\/h2><h2 class=\"has-text-align-center has-white-color has-text-color\">  <\/h2><p class=\"has-text-align-center\">V\u00e5r in-house grafiske designer Frank Christian Brambo kan hjelpe med cover-arts, merch-design, contentcreating osv.\u00a0<\/p><h2 class=\"has-text-align-center has-white-color has-text-color\"><\/h2><h2 class=\"has-text-align-center has-white-color has-text-color\"><!-- \/wp:paragraph --><\/h2>\t\t\t\t\t\t\t\t<\/div>\n\t\t\t\t<\/div>\n\t\t\t\t\t<\/div>\n\t\t<\/div>\n\t\t\t\t\t<\/div>\n\t\t<\/section>\n\t\t\t\t<section class=\"elementor-section elementor-top-section elementor-element elementor-element-9b47327 elementor-section-full_width elementor-section-height-default elementor-section-height-default\" data-id=\"9b47327\" data-element_type=\"section\" data-e-type=\"section\">\n\t\t\t\t\t\t<div class=\"elementor-container elementor-column-gap-default\">\n\t\t\t\t\t<div class=\"elementor-column elementor-col-33 elementor-top-column elementor-element elementor-element-7c9e69c\" data-id=\"7c9e69c\" data-element_type=\"column\" data-e-type=\"column\">\n\t\t\t<div class=\"elementor-widget-wrap elementor-element-populated\">\n\t\t\t\t\t\t<div class=\"elementor-element elementor-element-08f3026 elementor-widget elementor-widget-text-editor\" data-id=\"08f3026\" data-element_type=\"widget\" data-e-type=\"widget\" data-widget_type=\"text-editor.default\">\n\t\t\t\t<div class=\"elementor-widget-container\">\n\t\t\t\t\t\t\t\t\t<h2 class=\"has-text-align-center has-white-color has-text-color\">L\u00e5tskriving<\/h2><p><!-- wp:heading {\"textAlign\":\"center\",\"textColor\":\"white\"} --> <!-- \/wp:heading --> <!-- wp:paragraph {\"align\":\"center\"} --> <!-- \/wp:paragraph --><\/p><p class=\"has-text-align-center\">Har du en fantastisk stemme eller et godt etablert band, men \u00f8nsker hjelp til \u00e5 skrive l\u00e5ter kan vi hjelpe med det . Her har vi bred erfaring med alt fra pop, til singer\/songwriter, til americana, til rock. Vi er veldig fleksible og bidrar gjerne med hele l\u00e5ter, eller kun finishing og co-writing av l\u00e5ter.<\/p>\t\t\t\t\t\t\t\t<\/div>\n\t\t\t\t<\/div>\n\t\t\t\t\t<\/div>\n\t\t<\/div>\n\t\t\t\t<div class=\"elementor-column elementor-col-33 elementor-top-column elementor-element elementor-element-7646147\" data-id=\"7646147\" data-element_type=\"column\" data-e-type=\"column\">\n\t\t\t<div class=\"elementor-widget-wrap elementor-element-populated\">\n\t\t\t\t\t\t<div class=\"elementor-element elementor-element-16e8bd1 elementor-widget elementor-widget-text-editor\" data-id=\"16e8bd1\" data-element_type=\"widget\" data-e-type=\"widget\" data-widget_type=\"text-editor.default\">\n\t\t\t\t<div class=\"elementor-widget-container\">\n\t\t\t\t\t\t\t\t\t<h2 class=\"has-text-align-center has-white-color has-text-color\">Musikk til film\/reklame<\/h2>\n<p><!-- wp:heading {\"textAlign\":\"center\",\"textColor\":\"white\"} --> <!-- \/wp:heading --> <!-- wp:paragraph {\"align\":\"center\",\"textColor\":\"white\"} --> <!-- \/wp:paragraph --><\/p>\n<p class=\"has-text-align-center has-white-color has-text-color\">Mye av musikken vi har v\u00e6rt med \u00e5 lage er blitt brukt i flere serier og reklamer, i tillegg har vi laget flere bestillingsverk til bruk i reklamer. Her har vi hatt kunder som Gilde, Discovery+, Apple+ og Frende Forsikring.<\/p>\t\t\t\t\t\t\t\t<\/div>\n\t\t\t\t<\/div>\n\t\t\t\t\t<\/div>\n\t\t<\/div>\n\t\t\t\t<div class=\"elementor-column elementor-col-33 elementor-top-column elementor-element elementor-element-4da0a4d\" data-id=\"4da0a4d\" data-element_type=\"column\" data-e-type=\"column\">\n\t\t\t<div class=\"elementor-widget-wrap elementor-element-populated\">\n\t\t\t\t\t\t<div class=\"elementor-element elementor-element-ae13ead elementor-widget elementor-widget-text-editor\" data-id=\"ae13ead\" data-element_type=\"widget\" data-e-type=\"widget\" data-widget_type=\"text-editor.default\">\n\t\t\t\t<div class=\"elementor-widget-container\">\n\t\t\t\t\t\t\t\t\t<h2 class=\"has-text-align-center has-white-color has-text-color\">Regnskap og s\u00f8knadsbistand<\/h2><p><!-- wp:heading {\"textAlign\":\"center\",\"textColor\":\"white\"} --> <!-- \/wp:heading --> <!-- wp:paragraph {\"align\":\"center\",\"textColor\":\"white\"} --> <!-- \/wp:paragraph --><\/p><p class=\"has-text-align-center has-white-color has-text-color\">V\u00e5r \u00f8konom Mathias Helvig har en bachelorgrad i Administrasjon og ledelse og har i mange \u00e5r f\u00f8rt bandregnskap, s\u00f8kt masse st\u00f8tte og laget reiseregninger. Dersom du skulle trengt konsultasjon med noe mtp ditt foretak eller trenger hjelp til \u00e5 skrive en god s\u00f8knad s\u00e5 er han veldig klar for \u00e5 hjelpe deg.<\/p>\t\t\t\t\t\t\t\t<\/div>\n\t\t\t\t<\/div>\n\t\t\t\t\t<\/div>\n\t\t<\/div>\n\t\t\t\t\t<\/div>\n\t\t<\/section>\n\t\t\t\t<section class=\"elementor-section elementor-top-section elementor-element elementor-element-272de99 elementor-section-boxed elementor-section-height-default elementor-section-height-default\" data-id=\"272de99\" data-element_type=\"section\" data-e-type=\"section\">\n\t\t\t\t\t\t<div class=\"elementor-container elementor-column-gap-default\">\n\t\t\t\t\t<div class=\"elementor-column elementor-col-100 elementor-top-column elementor-element elementor-element-44309c9\" data-id=\"44309c9\" data-element_type=\"column\" data-e-type=\"column\">\n\t\t\t<div class=\"elementor-widget-wrap elementor-element-populated\">\n\t\t\t\t\t\t<div class=\"elementor-element elementor-element-59fd8f3 elementor-widget elementor-widget-heading\" data-id=\"59fd8f3\" data-element_type=\"widget\" data-e-type=\"widget\" data-widget_type=\"heading.default\">\n\t\t\t\t<div class=\"elementor-widget-container\">\n\t\t\t\t\t<h2 class=\"elementor-heading-title elementor-size-large\">OM FEM<\/h2>\t\t\t\t<\/div>\n\t\t\t\t<\/div>\n\t\t\t\t\t<\/div>\n\t\t<\/div>\n\t\t\t\t\t<\/div>\n\t\t<\/section>\n\t\t\t\t<section class=\"elementor-section elementor-top-section elementor-element elementor-element-d5d55c8 elementor-section-boxed elementor-section-height-default elementor-section-height-default\" data-id=\"d5d55c8\" data-element_type=\"section\" data-e-type=\"section\">\n\t\t\t\t\t\t<div class=\"elementor-container elementor-column-gap-default\">\n\t\t\t\t\t<div class=\"elementor-column elementor-col-33 elementor-top-column elementor-element elementor-element-9b2dec2\" data-id=\"9b2dec2\" data-element_type=\"column\" data-e-type=\"column\">\n\t\t\t<div class=\"elementor-widget-wrap elementor-element-populated\">\n\t\t\t\t\t\t<div class=\"elementor-element elementor-element-60e402f elementor-widget elementor-widget-image\" data-id=\"60e402f\" data-element_type=\"widget\" data-e-type=\"widget\" data-widget_type=\"image.default\">\n\t\t\t\t<div class=\"elementor-widget-container\">\n\t\t\t\t\t\t\t\t\t\t\t\t\t\t\t<img decoding=\"async\" width=\"821\" height=\"1024\" src=\"https:\/\/www.femcreative.no\/wp-content\/uploads\/2023\/03\/Portrett-Frank_Fotograf-Leo-Kramer-821x1024.jpg\" class=\"attachment-large size-large wp-image-67\" alt=\"\" srcset=\"https:\/\/www.femcreative.no\/wp-content\/uploads\/2023\/03\/Portrett-Frank_Fotograf-Leo-Kramer-821x1024.jpg 821w, https:\/\/www.femcreative.no\/wp-content\/uploads\/2023\/03\/Portrett-Frank_Fotograf-Leo-Kramer-241x300.jpg 241w, https:\/\/www.femcreative.no\/wp-content\/uploads\/2023\/03\/Portrett-Frank_Fotograf-Leo-Kramer-768x958.jpg 768w, https:\/\/www.femcreative.no\/wp-content\/uploads\/2023\/03\/Portrett-Frank_Fotograf-Leo-Kramer-1231x1536.jpg 1231w, https:\/\/www.femcreative.no\/wp-content\/uploads\/2023\/03\/Portrett-Frank_Fotograf-Leo-Kramer-1642x2048.jpg 1642w\" sizes=\"(max-width: 821px) 100vw, 821px\" \/>\t\t\t\t\t\t\t\t\t\t\t\t\t\t\t<\/div>\n\t\t\t\t<\/div>\n\t\t\t\t<div class=\"elementor-element elementor-element-e5a4af7 elementor-widget elementor-widget-text-editor\" data-id=\"e5a4af7\" data-element_type=\"widget\" data-e-type=\"widget\" data-widget_type=\"text-editor.default\">\n\t\t\t\t<div class=\"elementor-widget-container\">\n\t\t\t\t\t\t\t\t\t<h2 class=\"has-text-align-center has-white-color has-text-color\">Frank Christian Brambo<\/h2><p><!-- wp:heading {\"textAlign\":\"center\",\"textColor\":\"white\"} -->\n\n<!-- \/wp:heading -->\n\n<!-- wp:paragraph {\"textColor\":\"white\"} -->\n\n<!-- \/wp:paragraph --><\/p><p class=\"has-white-color has-text-color\">Frank er produsent, vokalist, l\u00e5tskriver, gitarist, og utdannet grafisk designer fra Noroff. Han spiller<\/p>\t\t\t\t\t\t\t\t<\/div>\n\t\t\t\t<\/div>\n\t\t\t\t\t<\/div>\n\t\t<\/div>\n\t\t\t\t<div class=\"elementor-column elementor-col-33 elementor-top-column elementor-element elementor-element-ed2c9cd\" data-id=\"ed2c9cd\" data-element_type=\"column\" data-e-type=\"column\">\n\t\t\t<div class=\"elementor-widget-wrap elementor-element-populated\">\n\t\t\t\t\t\t<div class=\"elementor-element elementor-element-ba60dbc elementor-widget elementor-widget-image\" data-id=\"ba60dbc\" data-element_type=\"widget\" data-e-type=\"widget\" data-widget_type=\"image.default\">\n\t\t\t\t<div class=\"elementor-widget-container\">\n\t\t\t\t\t\t\t\t\t\t\t\t\t\t\t<img decoding=\"async\" width=\"821\" height=\"1024\" src=\"https:\/\/www.femcreative.no\/wp-content\/uploads\/2023\/03\/Portrett-Espen-Fotograf-Leo-Kramer-821x1024.jpg\" class=\"attachment-large size-large wp-image-69\" alt=\"\" srcset=\"https:\/\/www.femcreative.no\/wp-content\/uploads\/2023\/03\/Portrett-Espen-Fotograf-Leo-Kramer-821x1024.jpg 821w, https:\/\/www.femcreative.no\/wp-content\/uploads\/2023\/03\/Portrett-Espen-Fotograf-Leo-Kramer-241x300.jpg 241w, https:\/\/www.femcreative.no\/wp-content\/uploads\/2023\/03\/Portrett-Espen-Fotograf-Leo-Kramer-768x958.jpg 768w, https:\/\/www.femcreative.no\/wp-content\/uploads\/2023\/03\/Portrett-Espen-Fotograf-Leo-Kramer-1231x1536.jpg 1231w, https:\/\/www.femcreative.no\/wp-content\/uploads\/2023\/03\/Portrett-Espen-Fotograf-Leo-Kramer-1642x2048.jpg 1642w\" sizes=\"(max-width: 821px) 100vw, 821px\" \/>\t\t\t\t\t\t\t\t\t\t\t\t\t\t\t<\/div>\n\t\t\t\t<\/div>\n\t\t\t\t<div class=\"elementor-element elementor-element-1357fdf elementor-widget elementor-widget-text-editor\" data-id=\"1357fdf\" data-element_type=\"widget\" data-e-type=\"widget\" data-widget_type=\"text-editor.default\">\n\t\t\t\t<div class=\"elementor-widget-container\">\n\t\t\t\t\t\t\t\t\t<h2 class=\"has-text-align-center has-white-color has-text-color\">Espen Alsvik<\/h2><p><!-- wp:heading {\"textAlign\":\"center\",\"textColor\":\"white\"} --><\/p><p><!-- \/wp:heading --><\/p><p><!-- wp:paragraph {\"textColor\":\"white\"} --><\/p><p><!-- \/wp:paragraph --><\/p><p class=\"has-white-color has-text-color\">Espen er produsent, gitarist, l\u00e5tskriver lystekniker og lydtekniker.<\/p>\t\t\t\t\t\t\t\t<\/div>\n\t\t\t\t<\/div>\n\t\t\t\t\t<\/div>\n\t\t<\/div>\n\t\t\t\t<div class=\"elementor-column elementor-col-33 elementor-top-column elementor-element elementor-element-80d78b8\" data-id=\"80d78b8\" data-element_type=\"column\" data-e-type=\"column\">\n\t\t\t<div class=\"elementor-widget-wrap elementor-element-populated\">\n\t\t\t\t\t\t<div class=\"elementor-element elementor-element-da03929 elementor-widget elementor-widget-image\" data-id=\"da03929\" data-element_type=\"widget\" data-e-type=\"widget\" data-widget_type=\"image.default\">\n\t\t\t\t<div class=\"elementor-widget-container\">\n\t\t\t\t\t\t\t\t\t\t\t\t\t\t\t<img loading=\"lazy\" decoding=\"async\" width=\"821\" height=\"1024\" src=\"https:\/\/www.femcreative.no\/wp-content\/uploads\/2023\/03\/Portrett-Mathias-Fotograf-Leo-Kramer-821x1024.jpg\" class=\"attachment-large size-large wp-image-68\" alt=\"\" srcset=\"https:\/\/www.femcreative.no\/wp-content\/uploads\/2023\/03\/Portrett-Mathias-Fotograf-Leo-Kramer-821x1024.jpg 821w, https:\/\/www.femcreative.no\/wp-content\/uploads\/2023\/03\/Portrett-Mathias-Fotograf-Leo-Kramer-241x300.jpg 241w, https:\/\/www.femcreative.no\/wp-content\/uploads\/2023\/03\/Portrett-Mathias-Fotograf-Leo-Kramer-768x958.jpg 768w, https:\/\/www.femcreative.no\/wp-content\/uploads\/2023\/03\/Portrett-Mathias-Fotograf-Leo-Kramer-1231x1536.jpg 1231w, https:\/\/www.femcreative.no\/wp-content\/uploads\/2023\/03\/Portrett-Mathias-Fotograf-Leo-Kramer-1642x2048.jpg 1642w\" sizes=\"(max-width: 821px) 100vw, 821px\" \/>\t\t\t\t\t\t\t\t\t\t\t\t\t\t\t<\/div>\n\t\t\t\t<\/div>\n\t\t\t\t<div class=\"elementor-element elementor-element-102c9d2 elementor-widget elementor-widget-text-editor\" data-id=\"102c9d2\" data-element_type=\"widget\" data-e-type=\"widget\" data-widget_type=\"text-editor.default\">\n\t\t\t\t<div class=\"elementor-widget-container\">\n\t\t\t\t\t\t\t\t\t<h2 class=\"has-text-align-center has-white-color has-text-color\">Mathias Helvig<\/h2><p><!-- wp:heading {\"textAlign\":\"center\",\"textColor\":\"white\"} --> <!-- \/wp:heading --> <!-- wp:paragraph {\"textColor\":\"white\"} --> <!-- \/wp:paragraph --><\/p><p class=\"has-white-color has-text-color\">Mathias er produsent, trommeslager, \u00f8konom og komponist.<\/p>\t\t\t\t\t\t\t\t<\/div>\n\t\t\t\t<\/div>\n\t\t\t\t\t<\/div>\n\t\t<\/div>\n\t\t\t\t\t<\/div>\n\t\t<\/section>\n\t\t\t\t<\/div>\n\t\t","protected":false},"excerpt":{"rendered":"<p>TJENESTER Produsering \u00d8nsker du \u00e5 spille inn en l\u00e5t, en EP eller et album har du kommet til riktig plass! Vi har lang erfaring med innspilling og produsering av alle mulige sjangere og kan hjelpe deg med helle prosessen fra l\u00e5t-id\u00e8 til utgitt produkt. Mixing V\u00e5r hovedprodusent Espen Alsvik er ekstremt kompetent og jobber alltid [&hellip;]<\/p>\n","protected":false},"author":1,"featured_media":0,"parent":0,"menu_order":0,"comment_status":"closed","ping_status":"closed","template":"","meta":{"ocean_post_layout":"","ocean_both_sidebars_style":"","ocean_both_sidebars_content_width":0,"ocean_both_sidebars_sidebars_width":0,"ocean_sidebar":"0","ocean_second_sidebar":"0","ocean_disable_margins":"enable","ocean_add_body_class":"","ocean_shortcode_before_top_bar":"","ocean_shortcode_after_top_bar":"","ocean_shortcode_before_header":"","ocean_shortcode_after_header":"","ocean_has_shortcode":"","ocean_shortcode_after_title":"","ocean_shortcode_before_footer_widgets":"","ocean_shortcode_after_footer_widgets":"","ocean_shortcode_before_footer_bottom":"","ocean_shortcode_after_footer_bottom":"","ocean_display_top_bar":"default","ocean_display_header":"default","ocean_header_style":"","ocean_center_header_left_menu":"0","ocean_custom_header_template":"0","ocean_custom_logo":0,"ocean_custom_retina_logo":0,"ocean_custom_logo_max_width":0,"ocean_custom_logo_tablet_max_width":0,"ocean_custom_logo_mobile_max_width":0,"ocean_custom_logo_max_height":0,"ocean_custom_logo_tablet_max_height":0,"ocean_custom_logo_mobile_max_height":0,"ocean_header_custom_menu":"0","ocean_menu_typo_font_family":"0","ocean_menu_typo_font_subset":"","ocean_menu_typo_font_size":0,"ocean_menu_typo_font_size_tablet":0,"ocean_menu_typo_font_size_mobile":0,"ocean_menu_typo_font_size_unit":"px","ocean_menu_typo_font_weight":"","ocean_menu_typo_font_weight_tablet":"","ocean_menu_typo_font_weight_mobile":"","ocean_menu_typo_transform":"","ocean_menu_typo_transform_tablet":"","ocean_menu_typo_transform_mobile":"","ocean_menu_typo_line_height":0,"ocean_menu_typo_line_height_tablet":0,"ocean_menu_typo_line_height_mobile":0,"ocean_menu_typo_line_height_unit":"","ocean_menu_typo_spacing":0,"ocean_menu_typo_spacing_tablet":0,"ocean_menu_typo_spacing_mobile":0,"ocean_menu_typo_spacing_unit":"","ocean_menu_link_color":"","ocean_menu_link_color_hover":"","ocean_menu_link_color_active":"","ocean_menu_link_background":"","ocean_menu_link_hover_background":"","ocean_menu_link_active_background":"","ocean_menu_social_links_bg":"","ocean_menu_social_hover_links_bg":"","ocean_menu_social_links_color":"","ocean_menu_social_hover_links_color":"","ocean_disable_title":"default","ocean_disable_heading":"default","ocean_post_title":"","ocean_post_subheading":"","ocean_post_title_style":"","ocean_post_title_background_color":"","ocean_post_title_background":0,"ocean_post_title_bg_image_position":"","ocean_post_title_bg_image_attachment":"","ocean_post_title_bg_image_repeat":"","ocean_post_title_bg_image_size":"","ocean_post_title_height":0,"ocean_post_title_bg_overlay":0.5,"ocean_post_title_bg_overlay_color":"","ocean_disable_breadcrumbs":"default","ocean_breadcrumbs_color":"","ocean_breadcrumbs_separator_color":"","ocean_breadcrumbs_links_color":"","ocean_breadcrumbs_links_hover_color":"","ocean_display_footer_widgets":"default","ocean_display_footer_bottom":"default","ocean_custom_footer_template":"0","footnotes":""},"class_list":["post-83","page","type-page","status-publish","hentry","entry"],"_links":{"self":[{"href":"https:\/\/www.femcreative.no\/index.php?rest_route=\/wp\/v2\/pages\/83","targetHints":{"allow":["GET"]}}],"collection":[{"href":"https:\/\/www.femcreative.no\/index.php?rest_route=\/wp\/v2\/pages"}],"about":[{"href":"https:\/\/www.femcreative.no\/index.php?rest_route=\/wp\/v2\/types\/page"}],"author":[{"embeddable":true,"href":"https:\/\/www.femcreative.no\/index.php?rest_route=\/wp\/v2\/users\/1"}],"replies":[{"embeddable":true,"href":"https:\/\/www.femcreative.no\/index.php?rest_route=%2Fwp%2Fv2%2Fcomments&post=83"}],"version-history":[{"count":8,"href":"https:\/\/www.femcreative.no\/index.php?rest_route=\/wp\/v2\/pages\/83\/revisions"}],"predecessor-version":[{"id":92,"href":"https:\/\/www.femcreative.no\/index.php?rest_route=\/wp\/v2\/pages\/83\/revisions\/92"}],"wp:attachment":[{"href":"https:\/\/www.femcreative.no\/index.php?rest_route=%2Fwp%2Fv2%2Fmedia&parent=83"}],"curies":[{"name":"wp","href":"https:\/\/api.w.org\/{rel}","templated":true}]}}