{"id":2,"date":"2023-01-30T13:21:09","date_gmt":"2023-01-30T13:21:09","guid":{"rendered":"https:\/\/www.femcreative.no\/?page_id=2"},"modified":"2023-04-18T23:52:38","modified_gmt":"2023-04-18T23:52:38","slug":"sample-page","status":"publish","type":"page","link":"https:\/\/www.femcreative.no\/","title":{"rendered":""},"content":{"rendered":"\n<figure class=\"wp-block-image size-large\"><img fetchpriority=\"high\" decoding=\"async\" width=\"1024\" height=\"1024\" src=\"https:\/\/www.femcreative.no\/wp-content\/uploads\/2023\/02\/fem-hvit-3-1024x1024.png\" alt=\"\" class=\"wp-image-38\" srcset=\"https:\/\/www.femcreative.no\/wp-content\/uploads\/2023\/02\/fem-hvit-3-1024x1024.png 1024w, https:\/\/www.femcreative.no\/wp-content\/uploads\/2023\/02\/fem-hvit-3-300x300.png 300w, https:\/\/www.femcreative.no\/wp-content\/uploads\/2023\/02\/fem-hvit-3-150x150.png 150w, https:\/\/www.femcreative.no\/wp-content\/uploads\/2023\/02\/fem-hvit-3-768x768.png 768w, https:\/\/www.femcreative.no\/wp-content\/uploads\/2023\/02\/fem-hvit-3-600x600.png 600w, https:\/\/www.femcreative.no\/wp-content\/uploads\/2023\/02\/fem-hvit-3.png 1080w\" sizes=\"(max-width: 1024px) 100vw, 1024px\" \/><\/figure>\n\n\n\n<div style=\"height:80px\" aria-hidden=\"true\" class=\"wp-block-spacer\"><\/div>\n\n\n\n<h1 class=\"wp-block-heading alignwide has-text-align-center has-white-color has-text-color has-background has-large-font-size\" style=\"background-color:#00000000;text-transform:uppercase\">TJENESTER<\/h1>\n\n\n\n<div style=\"height:10px\" aria-hidden=\"true\" class=\"wp-block-spacer\"><\/div>\n\n\n\n<div class=\"wp-block-columns alignwide has-white-color has-text-color has-background is-layout-flex wp-container-core-columns-is-layout-9d6595d7 wp-block-columns-is-layout-flex\" style=\"background-color:#00000000\">\n<div class=\"wp-block-column is-layout-flow wp-block-column-is-layout-flow\">\n<h2 class=\"wp-block-heading has-text-align-center has-white-color has-text-color\">Produsering<\/h2>\n\n\n\n<p class=\"has-text-align-center has-white-color has-text-color\">\u00d8nsker du \u00e5 spille inn en l\u00e5t, en EP eller et album har du kommet til riktig plass! Vi har lang erfaring med innspilling og produsering av alle mulige sjangere og kan hjelpe deg med helle prosessen fra l\u00e5t-id\u00e8 til utgitt produkt. <\/p>\n<\/div>\n\n\n\n<div class=\"wp-block-column is-layout-flow wp-block-column-is-layout-flow\">\n<h2 class=\"wp-block-heading has-text-align-center has-white-color has-text-color\">Mixing<\/h2>\n\n\n\n<p class=\"has-text-align-center has-white-color has-text-color\">V\u00e5r hovedprodusent Espen Alsvik er ekstremt kompetent og jobber alltid med \u00e5 forsterke uttrykket du allerede har. Vi \u00f8nsker p\u00e5 ingen m\u00e5te \u00e5 endre eller ta over kreativiteten, men heller bist\u00e5 med det som \u00f8nskes og forsterke uttrykket!<\/p>\n<\/div>\n\n\n\n<div class=\"wp-block-column has-white-color has-text-color is-layout-flow wp-block-column-is-layout-flow\">\n<h2 class=\"wp-block-heading has-text-align-center has-white-color has-text-color\">Grafisk Design<\/h2>\n\n\n\n<p class=\"has-text-align-center\">V\u00e5r in-house grafiske designer Frank Christian Brambo kan hjelpe med cover-arts, merch-design, contentcreating osv. <\/p>\n<\/div>\n<\/div>\n\n\n\n<div style=\"height:10px\" aria-hidden=\"true\" class=\"wp-block-spacer\"><\/div>\n\n\n\n<div class=\"wp-block-columns alignwide has-background is-layout-flex wp-container-core-columns-is-layout-9d6595d7 wp-block-columns-is-layout-flex\" style=\"background-color:#00000000\">\n<div class=\"wp-block-column has-white-color has-text-color is-layout-flow wp-block-column-is-layout-flow\">\n<h2 class=\"wp-block-heading has-text-align-center has-white-color has-text-color\">L\u00e5tskriving<\/h2>\n\n\n\n<p class=\"has-text-align-center\">Har du en fantastisk stemme eller et godt etablert band, men \u00f8nsker hjelp til \u00e5 skrive l\u00e5ter kan vi hjelpe med det . Her har vi bred erfaring med alt fra pop, til singer\/songwriter, til americana, til rock. Vi er veldig fleksible og bidrar gjerne med hele l\u00e5ter, eller kun finishing og co-writing av l\u00e5ter.<\/p>\n\n\n\n<p class=\"has-white-color has-black-background-color has-text-color has-background\"><\/p>\n<\/div>\n\n\n\n<div class=\"wp-block-column is-layout-flow wp-block-column-is-layout-flow\">\n<h2 class=\"wp-block-heading has-text-align-center has-white-color has-text-color\">Musikk til film\/reklame<\/h2>\n\n\n\n<p class=\"has-text-align-center has-white-color has-text-color\">Mye av musikken vi har v\u00e6rt med \u00e5 laget er blitt brukt i flere serier og reklamer, i tillegg har vi laget flere bestillingsverk til bruk i reklamer. Her har vi hatt kunder som Gilde, Discovery+, Apple+ og Frende Forsikring.<\/p>\n<\/div>\n\n\n\n<div class=\"wp-block-column is-layout-flow wp-block-column-is-layout-flow\">\n<h2 class=\"wp-block-heading has-text-align-center has-white-color has-text-color\">Regnskap og s\u00f8knadsbistand<\/h2>\n\n\n\n<p class=\"has-text-align-center has-white-color has-text-color\">V\u00e5r \u00f8konom Mathias Helvig har en bachelorgrad i Administrasjon og ledelse og har i mange \u00e5r f\u00f8rt bandregnskap, s\u00f8kt masse st\u00f8tte og laget reiseregninger. Dersom du skulle trengt konsultasjon med noe mtp ditt foretak eller trenger hjelp til \u00e5 skrive en god s\u00f8knad s\u00e5 er han veldig klar for \u00e5 hjelpe deg. <\/p>\n<\/div>\n<\/div>\n\n\n\n<div style=\"height:15px\" aria-hidden=\"true\" class=\"wp-block-spacer\"><\/div>\n\n\n\n<h2 class=\"wp-block-heading alignwide has-text-align-center has-white-color has-text-color has-background has-large-font-size\" style=\"background-color:#00000000\">OM FEM<\/h2>\n\n\n\n<p class=\"has-text-align-center has-white-color has-text-color has-background\" style=\"background-color:#00000000\">FEM Creative er et kreativt kollektiv som holder til p\u00e5 TOU Lyd i Stavanger. Vi sitter med bred erfaring som musikere, teknikere, produsenter, artister og l\u00e5tskrivere.<\/p>\n\n\n\n<h2 class=\"wp-block-heading alignwide has-text-align-center has-white-color has-text-color has-background\" style=\"background-color:#00000000\">M\u00f8t teamet:<\/h2>\n\n\n\n<div class=\"wp-block-columns has-background is-layout-flex wp-container-core-columns-is-layout-9d6595d7 wp-block-columns-is-layout-flex\" style=\"background-color:#00000000\">\n<div class=\"wp-block-column is-layout-flow wp-block-column-is-layout-flow\">\n<div class=\"wp-block-columns is-layout-flex wp-container-core-columns-is-layout-9d6595d7 wp-block-columns-is-layout-flex\">\n<div class=\"wp-block-column is-layout-flow wp-block-column-is-layout-flow\">\n<figure class=\"wp-block-image size-large\"><img decoding=\"async\" width=\"821\" height=\"1024\" src=\"https:\/\/www.femcreative.no\/wp-content\/uploads\/2023\/03\/Portrett-Frank_Fotograf-Leo-Kramer-1-821x1024.jpg\" alt=\"\" class=\"wp-image-72\" srcset=\"https:\/\/www.femcreative.no\/wp-content\/uploads\/2023\/03\/Portrett-Frank_Fotograf-Leo-Kramer-1-821x1024.jpg 821w, https:\/\/www.femcreative.no\/wp-content\/uploads\/2023\/03\/Portrett-Frank_Fotograf-Leo-Kramer-1-241x300.jpg 241w, https:\/\/www.femcreative.no\/wp-content\/uploads\/2023\/03\/Portrett-Frank_Fotograf-Leo-Kramer-1-768x958.jpg 768w, https:\/\/www.femcreative.no\/wp-content\/uploads\/2023\/03\/Portrett-Frank_Fotograf-Leo-Kramer-1-1231x1536.jpg 1231w, https:\/\/www.femcreative.no\/wp-content\/uploads\/2023\/03\/Portrett-Frank_Fotograf-Leo-Kramer-1-1642x2048.jpg 1642w\" sizes=\"(max-width: 821px) 100vw, 821px\" \/><\/figure>\n\n\n\n<h2 class=\"wp-block-heading has-text-align-center has-white-color has-text-color\">Frank Christian Brambo<\/h2>\n\n\n\n<p class=\"has-white-color has-text-color\">Frank er produsent, vokalist, l\u00e5tskriver, gitarist, og utdannet grafisk designer fra Noroff.<\/p>\n<\/div>\n\n\n\n<div class=\"wp-block-column is-layout-flow wp-block-column-is-layout-flow\">\n<figure class=\"wp-block-image size-large\"><img decoding=\"async\" width=\"821\" height=\"1024\" src=\"https:\/\/www.femcreative.no\/wp-content\/uploads\/2023\/03\/Portrett-Espen-Fotograf-Leo-Kramer-1-821x1024.jpg\" alt=\"\" class=\"wp-image-71\" srcset=\"https:\/\/www.femcreative.no\/wp-content\/uploads\/2023\/03\/Portrett-Espen-Fotograf-Leo-Kramer-1-821x1024.jpg 821w, https:\/\/www.femcreative.no\/wp-content\/uploads\/2023\/03\/Portrett-Espen-Fotograf-Leo-Kramer-1-241x300.jpg 241w, https:\/\/www.femcreative.no\/wp-content\/uploads\/2023\/03\/Portrett-Espen-Fotograf-Leo-Kramer-1-768x958.jpg 768w, https:\/\/www.femcreative.no\/wp-content\/uploads\/2023\/03\/Portrett-Espen-Fotograf-Leo-Kramer-1-1231x1536.jpg 1231w, https:\/\/www.femcreative.no\/wp-content\/uploads\/2023\/03\/Portrett-Espen-Fotograf-Leo-Kramer-1-1642x2048.jpg 1642w\" sizes=\"(max-width: 821px) 100vw, 821px\" \/><\/figure>\n\n\n\n<h2 class=\"wp-block-heading has-text-align-center has-white-color has-text-color\">Espen Alsvik<\/h2>\n\n\n\n<p class=\"has-white-color has-text-color\">Espen er produsent, gitarist, l\u00e5tskriver, lysdesigner og programmerer<\/p>\n<\/div>\n\n\n\n<div class=\"wp-block-column is-layout-flow wp-block-column-is-layout-flow\">\n<figure class=\"wp-block-image size-large\"><img loading=\"lazy\" decoding=\"async\" width=\"821\" height=\"1024\" src=\"https:\/\/www.femcreative.no\/wp-content\/uploads\/2023\/03\/Portrett-Mathias-Fotograf-Leo-Kramer-1-821x1024.jpg\" alt=\"\" class=\"wp-image-70\" srcset=\"https:\/\/www.femcreative.no\/wp-content\/uploads\/2023\/03\/Portrett-Mathias-Fotograf-Leo-Kramer-1-821x1024.jpg 821w, https:\/\/www.femcreative.no\/wp-content\/uploads\/2023\/03\/Portrett-Mathias-Fotograf-Leo-Kramer-1-241x300.jpg 241w, https:\/\/www.femcreative.no\/wp-content\/uploads\/2023\/03\/Portrett-Mathias-Fotograf-Leo-Kramer-1-768x958.jpg 768w, https:\/\/www.femcreative.no\/wp-content\/uploads\/2023\/03\/Portrett-Mathias-Fotograf-Leo-Kramer-1-1231x1536.jpg 1231w, https:\/\/www.femcreative.no\/wp-content\/uploads\/2023\/03\/Portrett-Mathias-Fotograf-Leo-Kramer-1-1642x2048.jpg 1642w\" sizes=\"(max-width: 821px) 100vw, 821px\" \/><\/figure>\n\n\n\n<h2 class=\"wp-block-heading has-text-align-center has-white-color has-text-color\">Mathias Helvig<\/h2>\n\n\n\n<p class=\"has-white-color has-text-color\">Mathias er produsent, trommeslager, \u00f8konom og komponist. <\/p>\n<\/div>\n<\/div>\n<\/div>\n<\/div>\n\n\n\n<p class=\"has-text-align-center\"><\/p>\n\n\n\n<div style=\"height:0px\" aria-hidden=\"true\" class=\"wp-block-spacer\"><\/div>\n\n\n\n<h2 class=\"wp-block-heading alignwide has-text-align-center has-white-color has-text-color has-background\" style=\"background-color:#00000000\">Referanser:<\/h2>\n\n\n\n<body>\n    <div class=\"container-ref\">\n<div><iframe style=\"border-radius:12px;\" src=\"https:\/\/open.spotify.com\/embed\/track\/657fbjQglHzgscDOVO4Jxv?utm_source=generator\" width=\"100%\" height=\"152\" frameBorder=\"0\" allowfullscreen=\"\" allow=\"autoplay; clipboard-write; encrypted-media; fullscreen; picture-in-picture\" loading=\"lazy\"><\/iframe><\/div>\n<span class=\"space\"><\/span>\n<div><iframe style=\"border-redius:12px;\" src=\"https:\/\/open.spotify.com\/embed\/track\/7K9dtMWGRJeJ7qiE8r3Ibf?utm_source=generator\" width=\"100%\" height=\"152\" frameBorder=\"0\" allowfullscreen=\"\" allow=\"autoplay; clipboard-write; encrypted-media; fullscreen; picture-in-picture\" loading=\"lazy\"><\/iframe><\/div>\n<span class=\"space\"><\/span>\n<div><iframe style=\"border-radius:12px;\" src=\"https:\/\/open.spotify.com\/embed\/track\/6HyPuo0M51iZKHVG2CWyOf?utm_source=generator\" width=\"100%\" height=\"152\" frameBorder=\"0\" allowfullscreen=\"\" allow=\"autoplay; clipboard-write; encrypted-media; fullscreen; picture-in-picture\" loading=\"lazy\"><\/iframe><\/div>\n<\/div>\n<div class=\"list\">\n    <div>\n            <li>\n                Produsert\n            <\/li>\n            <li>\n                Mikset\n            <\/li>\n            <li>\n                Albumart\n            <\/li>\n    <\/div>\n    <span class=\"space\"><\/span>\n<div>\n        <li>\n            Produsert\n        <\/li>\n        <li>\n            Mikset\n        <\/li>\n        <li>\n            Albumart\n        <\/li>\n<\/div>\n<span class=\"space\"><\/span>\n<div>\n        <li>\n            Produsert\n        <\/li>\n        <li>\n            Mikset\n        <\/li>\n        <li>\n            Albumart\n        <\/li>\n<\/div>\n<\/div>\n<div class=\"container-ref\">\n <div><iframe style=\"border-radius:12px\" src=\"https:\/\/open.spotify.com\/embed\/track\/47PCgI7MQ6qka1sdj2NQkZ?utm_source=generator\" width=\"100%\" height=\"152\" frameBorder=\"0\" allowfullscreen=\"\" allow=\"autoplay; clipboard-write; encrypted-media; fullscreen; picture-in-picture\" loading=\"lazy\"><\/iframe><\/div>\n<span class=\"space\"><\/span>\n <div><iframe style=\"border-radius:12px\" src=\"https:\/\/open.spotify.com\/embed\/track\/3cMdeyweu4su6j6lADkRCn?utm_source=generator\" width=\"100%\" height=\"152\" frameBorder=\"0\" allowfullscreen=\"\" allow=\"autoplay; clipboard-write; encrypted-media; fullscreen; picture-in-picture\" loading=\"lazy\"><\/iframe> <\/div>\n<span class=\"space\"><\/span>\n<div><iframe style=\"border-radius:12px\" src=\"https:\/\/open.spotify.com\/embed\/track\/5RCQCbSIXPIBdEgC9dqdZo?utm_source=generator\" width=\"100%\" height=\"152\" frameBorder=\"0\" allowfullscreen=\"\" allow=\"autoplay; clipboard-write; encrypted-media; fullscreen; picture-in-picture\" loading=\"lazy\"><\/iframe> <\/div>\n<\/div>\n<div class=\"list\">\n    <div>\n            <li>\n                Produsert\n            <\/li>\n            <li>\n                Mikset\n            <\/li>\n    <\/div>\n    <span class=\"space\"><\/span>\n<div>\n        <li>\n            Produsert\n        <\/li>\n        <li>\n            Mikset\n        <\/li>\n        <li>\n            Albumart\n        <\/li>\n        <li>\n            L\u00e5tskriving\n        <\/li>\n<\/div>\n<span class=\"space\"><\/span>\n<div>\n        <li>\n            Produsert\n        <\/li>\n        <li>\n            Mikset\n        <\/li>\n        <li>\n            Albumart\n        <\/li>\n        <li>\n            L\u00e5tskriving\n        <\/li>\n<\/div>\n<\/div>\n<\/body>\n\n<style>\n.container-ref {\n        display: flex; align-content: center; max-width: 100%; margin-top: 40px;\n  }\n  .container-ref > div {\n    flex: 1; \/*grow*\/\n  }\n  .list{\n    display: flex; color: white; list-style-position: inside; text-align: center; list-style-type:none;\n  }\n  .list > div {flex: 1; \/*grow*\/\n}\n.lister {\n    width:100%\n}\n  .space {\n    width: 5% ;\n  }\n<\/style>\n","protected":false},"excerpt":{"rendered":"<p>TJENESTER Produsering \u00d8nsker du \u00e5 spille inn en l\u00e5t, en EP eller et album har du kommet til riktig plass! Vi har lang erfaring med innspilling og produsering av alle mulige sjangere og kan hjelpe deg med helle prosessen fra l\u00e5t-id\u00e8 til utgitt produkt. Mixing V\u00e5r hovedprodusent Espen Alsvik er ekstremt kompetent og jobber alltid [&hellip;]<\/p>\n","protected":false},"author":1,"featured_media":93,"parent":0,"menu_order":0,"comment_status":"closed","ping_status":"open","template":"","meta":{"ocean_post_layout":"full-width","ocean_both_sidebars_style":"","ocean_both_sidebars_content_width":0,"ocean_both_sidebars_sidebars_width":0,"ocean_sidebar":"footer-one","ocean_second_sidebar":"0","ocean_disable_margins":"enable","ocean_add_body_class":"","ocean_shortcode_before_top_bar":"","ocean_shortcode_after_top_bar":"","ocean_shortcode_before_header":"","ocean_shortcode_after_header":"","ocean_has_shortcode":"","ocean_shortcode_after_title":"","ocean_shortcode_before_footer_widgets":"","ocean_shortcode_after_footer_widgets":"","ocean_shortcode_before_footer_bottom":"","ocean_shortcode_after_footer_bottom":"","ocean_display_top_bar":"default","ocean_display_header":"default","ocean_header_style":"","ocean_center_header_left_menu":"0","ocean_custom_header_template":"0","ocean_custom_logo":0,"ocean_custom_retina_logo":0,"ocean_custom_logo_max_width":0,"ocean_custom_logo_tablet_max_width":0,"ocean_custom_logo_mobile_max_width":0,"ocean_custom_logo_max_height":0,"ocean_custom_logo_tablet_max_height":0,"ocean_custom_logo_mobile_max_height":0,"ocean_header_custom_menu":"0","ocean_menu_typo_font_family":"0","ocean_menu_typo_font_subset":"","ocean_menu_typo_font_size":0,"ocean_menu_typo_font_size_tablet":0,"ocean_menu_typo_font_size_mobile":0,"ocean_menu_typo_font_size_unit":"px","ocean_menu_typo_font_weight":"","ocean_menu_typo_font_weight_tablet":"","ocean_menu_typo_font_weight_mobile":"","ocean_menu_typo_transform":"","ocean_menu_typo_transform_tablet":"","ocean_menu_typo_transform_mobile":"","ocean_menu_typo_line_height":0,"ocean_menu_typo_line_height_tablet":0,"ocean_menu_typo_line_height_mobile":0,"ocean_menu_typo_line_height_unit":"","ocean_menu_typo_spacing":0,"ocean_menu_typo_spacing_tablet":0,"ocean_menu_typo_spacing_mobile":0,"ocean_menu_typo_spacing_unit":"","ocean_menu_link_color":"","ocean_menu_link_color_hover":"","ocean_menu_link_color_active":"","ocean_menu_link_background":"","ocean_menu_link_hover_background":"","ocean_menu_link_active_background":"","ocean_menu_social_links_bg":"","ocean_menu_social_hover_links_bg":"","ocean_menu_social_links_color":"","ocean_menu_social_hover_links_color":"","ocean_disable_title":"default","ocean_disable_heading":"default","ocean_post_title":"","ocean_post_subheading":"","ocean_post_title_style":"","ocean_post_title_background_color":"","ocean_post_title_background":0,"ocean_post_title_bg_image_position":"","ocean_post_title_bg_image_attachment":"","ocean_post_title_bg_image_repeat":"","ocean_post_title_bg_image_size":"","ocean_post_title_height":0,"ocean_post_title_bg_overlay":0.5,"ocean_post_title_bg_overlay_color":"","ocean_disable_breadcrumbs":"default","ocean_breadcrumbs_color":"","ocean_breadcrumbs_separator_color":"","ocean_breadcrumbs_links_color":"","ocean_breadcrumbs_links_hover_color":"","ocean_display_footer_widgets":"default","ocean_display_footer_bottom":"default","ocean_custom_footer_template":"0","footnotes":""},"class_list":["post-2","page","type-page","status-publish","has-post-thumbnail","hentry","entry","has-media"],"_links":{"self":[{"href":"https:\/\/www.femcreative.no\/index.php?rest_route=\/wp\/v2\/pages\/2","targetHints":{"allow":["GET"]}}],"collection":[{"href":"https:\/\/www.femcreative.no\/index.php?rest_route=\/wp\/v2\/pages"}],"about":[{"href":"https:\/\/www.femcreative.no\/index.php?rest_route=\/wp\/v2\/types\/page"}],"author":[{"embeddable":true,"href":"https:\/\/www.femcreative.no\/index.php?rest_route=\/wp\/v2\/users\/1"}],"replies":[{"embeddable":true,"href":"https:\/\/www.femcreative.no\/index.php?rest_route=%2Fwp%2Fv2%2Fcomments&post=2"}],"version-history":[{"count":46,"href":"https:\/\/www.femcreative.no\/index.php?rest_route=\/wp\/v2\/pages\/2\/revisions"}],"predecessor-version":[{"id":141,"href":"https:\/\/www.femcreative.no\/index.php?rest_route=\/wp\/v2\/pages\/2\/revisions\/141"}],"wp:featuredmedia":[{"embeddable":true,"href":"https:\/\/www.femcreative.no\/index.php?rest_route=\/wp\/v2\/media\/93"}],"wp:attachment":[{"href":"https:\/\/www.femcreative.no\/index.php?rest_route=%2Fwp%2Fv2%2Fmedia&parent=2"}],"curies":[{"name":"wp","href":"https:\/\/api.w.org\/{rel}","templated":true}]}}